{"id":2,"date":"2022-06-27T13:43:51","date_gmt":"2022-06-27T11:43:51","guid":{"rendered":"http:\/\/balticmedia.pl\/tlumaczenia\/?page_id=2"},"modified":"2022-06-28T11:32:22","modified_gmt":"2022-06-28T09:32:22","slug":"tlumaczenia","status":"publish","type":"page","link":"https:\/\/balticmedia.pl\/tlumaczenia\/","title":{"rendered":"Baltic Media T\u0142umaczenia"},"content":{"rendered":"\t\t<div data-elementor-type=\"wp-page\" data-elementor-id=\"2\" class=\"elementor elementor-2\">\n\t\t\t\t\t\t<section class=\"elementor-section elementor-top-section elementor-element elementor-element-3c5b2d71 elementor-section-content-middle elementor-section-boxed elementor-section-height-default elementor-section-height-default\" data-id=\"3c5b2d71\" data-element_type=\"section\" data-e-type=\"section\">\n\t\t\t\t\t\t\t<div class=\"elementor-background-overlay\"><\/div>\n\t\t\t\t\t\t\t<div class=\"elementor-container elementor-column-gap-no\">\n\t\t\t\t\t<div class=\"elementor-column elementor-col-100 elementor-top-column elementor-element elementor-element-3c4c80fb\" data-id=\"3c4c80fb\" data-element_type=\"column\" data-e-type=\"column\">\n\t\t\t<div class=\"elementor-widget-wrap elementor-element-populated\">\n\t\t\t\t\t\t<div class=\"elementor-element elementor-element-7d130274 elementor-view-default elementor-position-block-start elementor-mobile-position-block-start elementor-widget elementor-widget-icon-box\" data-id=\"7d130274\" data-element_type=\"widget\" data-e-type=\"widget\" data-widget_type=\"icon-box.default\">\n\t\t\t\t<div class=\"elementor-widget-container\">\n\t\t\t\t\t\t\t<div class=\"elementor-icon-box-wrapper\">\n\n\t\t\t\t\t\t<div class=\"elementor-icon-box-icon\">\n\t\t\t\t<span  class=\"elementor-icon\">\n\t\t\t\t<i aria-hidden=\"true\" class=\"fas fa-star\"><\/i>\t\t\t\t<\/span>\n\t\t\t<\/div>\n\t\t\t\n\t\t\t\t\t\t<div class=\"elementor-icon-box-content\">\n\n\t\t\t\t\t\t\t\t\t<h4 class=\"elementor-icon-box-title\">\n\t\t\t\t\t\t<span  >\n\t\t\t\t\t\t\tESTO\u0143SKI, LITEWSKI, \u0141OTEWSKI\t\t\t\t\t\t<\/span>\n\t\t\t\t\t<\/h4>\n\t\t\t\t\n\t\t\t\t\t\t\t\t\t<p class=\"elementor-icon-box-description\">\n\t\t\t\t\t\tBaltic Media T\u0142umaczenia\t\t\t\t\t<\/p>\n\t\t\t\t\n\t\t\t<\/div>\n\t\t\t\n\t\t<\/div>\n\t\t\t\t\t\t<\/div>\n\t\t\t\t<\/div>\n\t\t\t\t<div class=\"elementor-element elementor-element-15293592 elementor-widget elementor-widget-text-editor\" data-id=\"15293592\" data-element_type=\"widget\" data-e-type=\"widget\" data-widget_type=\"text-editor.default\">\n\t\t\t\t<div class=\"elementor-widget-container\">\n\t\t\t\t\t\t\t\t\t<div class=\"wpb_text_column wpb_content_element vc_custom_1615222898484\" style=\"margin: 0px; color: #5e6267; font-family: 'Open Sans', Helvetica, Arial, Verdana, sans-serif; font-size: 17px; text-align: start; padding: 0px 0px 35px !important 0px;\">\n<div class=\"wpb_wrapper\" style=\"padding: 0px; margin: 0px;\">\n<p style=\"padding: 0px; margin-right: 0px; margin-bottom: 10px; margin-left: 0px; text-align: center;\">Specjalizujemy si\u0119 w t\u0142umaczeniach pisemnych z j\u0119zyk\u00f3w esto\u0144skiego, litewskiego i \u0142otewskiego oraz na j\u0119zyki esto\u0144ski, litewski i \u0142otewski. Oferujemy t\u0142umaczenia prawnicze, techniczne, marketingowe i inne.<\/p>\n<p style=\"padding: 0px; margin-right: 0px; margin-bottom: 0px; margin-left: 0px; text-align: center;\"><span style=\"padding: 0px; margin: 0px; font-weight: bold;\">Kontakt:\u00a0<a style=\"padding: 0px; margin: 0px; text-decoration-line: underline; color: var(--the7-links-color);\" href=\"mailto:info@tlumaczestonskiego.pl\">tlumaczenia@balticmedia.pl<\/a><\/span><br style=\"padding: 0px; margin: 0px;\" \/><span style=\"padding: 0px; margin: 0px; font-weight: bold;\">Telefon: +48 793000969<\/span><\/p>\n<\/div>\n<\/div>\t\t\t\t\t\t\t\t<\/div>\n\t\t\t\t<\/div>\n\t\t\t\t\t<\/div>\n\t\t<\/div>\n\t\t\t\t\t<\/div>\n\t\t<\/section>\n\t\t\t\t<section class=\"elementor-section elementor-top-section elementor-element elementor-element-2898232 elementor-section-boxed elementor-section-height-default elementor-section-height-default\" data-id=\"2898232\" data-element_type=\"section\" data-e-type=\"section\">\n\t\t\t\t\t\t<div class=\"elementor-container elementor-column-gap-default\">\n\t\t\t\t\t<div class=\"elementor-column elementor-col-100 elementor-top-column elementor-element elementor-element-f4067b6\" data-id=\"f4067b6\" data-element_type=\"column\" data-e-type=\"column\">\n\t\t\t<div class=\"elementor-widget-wrap elementor-element-populated\">\n\t\t\t\t\t\t<div class=\"elementor-element elementor-element-87eb097 elementor-widget-divider--view-line elementor-widget elementor-widget-divider\" data-id=\"87eb097\" data-element_type=\"widget\" data-e-type=\"widget\" data-widget_type=\"divider.default\">\n\t\t\t\t<div class=\"elementor-widget-container\">\n\t\t\t\t\t\t\t<div class=\"elementor-divider\">\n\t\t\t<span class=\"elementor-divider-separator\">\n\t\t\t\t\t\t<\/span>\n\t\t<\/div>\n\t\t\t\t\t\t<\/div>\n\t\t\t\t<\/div>\n\t\t\t\t\t<\/div>\n\t\t<\/div>\n\t\t\t\t\t<\/div>\n\t\t<\/section>\n\t\t\t\t<section class=\"elementor-section elementor-top-section elementor-element elementor-element-730ab687 elementor-section-content-middle elementor-section-boxed elementor-section-height-default elementor-section-height-default\" data-id=\"730ab687\" data-element_type=\"section\" data-e-type=\"section\">\n\t\t\t\t\t\t<div class=\"elementor-container elementor-column-gap-no\">\n\t\t\t\t\t<div class=\"elementor-column elementor-col-100 elementor-top-column elementor-element elementor-element-38f14b4c\" data-id=\"38f14b4c\" data-element_type=\"column\" data-e-type=\"column\">\n\t\t\t<div class=\"elementor-widget-wrap elementor-element-populated\">\n\t\t\t\t\t\t<div class=\"elementor-element elementor-element-5462b0e elementor-widget elementor-widget-heading\" data-id=\"5462b0e\" data-element_type=\"widget\" data-e-type=\"widget\" data-widget_type=\"heading.default\">\n\t\t\t\t<div class=\"elementor-widget-container\">\n\t\t\t\t\t<h4 class=\"elementor-heading-title elementor-size-default\">Oferta t\u0142umacze\u0144<\/h4>\t\t\t\t<\/div>\n\t\t\t\t<\/div>\n\t\t\t\t<div class=\"elementor-element elementor-element-36371a94 elementor-widget elementor-widget-text-editor\" data-id=\"36371a94\" data-element_type=\"widget\" data-e-type=\"widget\" data-widget_type=\"text-editor.default\">\n\t\t\t\t<div class=\"elementor-widget-container\">\n\t\t\t\t\t\t\t\t\t<p><span style=\"color: #5e6267; font-family: 'Open Sans', Helvetica, Arial, Verdana, sans-serif; font-size: 17px; text-align: start;\">Oferujemy us\u0142ugi t\u0142umacze\u0144 pisemnych j\u0119zyka esto\u0144skiego oraz j\u0119zyk\u00f3w litewskiego i \u0142otewskiego w parach z j\u0119zykiem polskim i j\u0119zykiem angielskim.<\/span><\/p>\n<p><span style=\"color: #5e6267; font-family: 'Open Sans', Helvetica, Arial, Verdana, sans-serif; font-size: 17px; text-align: start;\">Wszystkie t\u0142umaczenia wykonywane s\u0105 przez native speaker\u00f3w j\u0119zyka docelowego.<\/span><\/p>\n<p><span style=\"color: #5e6267; font-family: 'Open Sans', Helvetica, Arial, Verdana, sans-serif; font-size: 17px; text-align: start;\">Zach\u0119camy do wsp\u00f3\u0142pracy &#8211; prze\u015blij dokumenty w celu wyceny.\u00a0<\/span><span style=\"color: #5e6267; font-family: 'Open Sans', Helvetica, Arial, Verdana, sans-serif; font-size: 17px; text-align: start;\">Wszystkie wyceny s\u0105 niezobowi\u0105zuj\u0105ce i s\u0105 przygotowywane bezp\u0142atnie.<\/span><\/p>\t\t\t\t\t\t\t\t<\/div>\n\t\t\t\t<\/div>\n\t\t\t\t\t<\/div>\n\t\t<\/div>\n\t\t\t\t\t<\/div>\n\t\t<\/section>\n\t\t\t\t<section class=\"elementor-section elementor-top-section elementor-element elementor-element-ca27ce4 elementor-section-boxed elementor-section-height-default elementor-section-height-default\" data-id=\"ca27ce4\" data-element_type=\"section\" data-e-type=\"section\">\n\t\t\t\t\t\t<div class=\"elementor-container elementor-column-gap-default\">\n\t\t\t\t\t<div class=\"elementor-column elementor-col-100 elementor-top-column elementor-element elementor-element-948e33a\" data-id=\"948e33a\" data-element_type=\"column\" data-e-type=\"column\">\n\t\t\t<div class=\"elementor-widget-wrap elementor-element-populated\">\n\t\t\t\t\t\t<div class=\"elementor-element elementor-element-584d900 elementor-widget-divider--view-line_text elementor-widget-divider--element-align-center elementor-widget elementor-widget-divider\" data-id=\"584d900\" data-element_type=\"widget\" data-e-type=\"widget\" data-widget_type=\"divider.default\">\n\t\t\t\t<div class=\"elementor-widget-container\">\n\t\t\t\t\t\t\t<div class=\"elementor-divider\">\n\t\t\t<span class=\"elementor-divider-separator\">\n\t\t\t\t\t\t<\/span>\n\t\t<\/div>\n\t\t\t\t\t\t<\/div>\n\t\t\t\t<\/div>\n\t\t\t\t\t<\/div>\n\t\t<\/div>\n\t\t\t\t\t<\/div>\n\t\t<\/section>\n\t\t\t\t<section class=\"elementor-section elementor-top-section elementor-element elementor-element-5d0cf570 elementor-section-content-middle elementor-section-boxed elementor-section-height-default elementor-section-height-default\" data-id=\"5d0cf570\" data-element_type=\"section\" data-e-type=\"section\">\n\t\t\t\t\t\t<div class=\"elementor-container elementor-column-gap-no\">\n\t\t\t\t\t<div class=\"elementor-column elementor-col-100 elementor-top-column elementor-element elementor-element-2b1e4e60\" data-id=\"2b1e4e60\" data-element_type=\"column\" data-e-type=\"column\">\n\t\t\t<div class=\"elementor-widget-wrap elementor-element-populated\">\n\t\t\t\t\t\t<div class=\"elementor-element elementor-element-bffdd25 elementor-widget elementor-widget-heading\" data-id=\"bffdd25\" data-element_type=\"widget\" data-e-type=\"widget\" data-widget_type=\"heading.default\">\n\t\t\t\t<div class=\"elementor-widget-container\">\n\t\t\t\t\t<h4 class=\"elementor-heading-title elementor-size-default\">T\u0142umacz przysi\u0119g\u0142y j\u0119zyka esto\u0144skiego<\/h4>\t\t\t\t<\/div>\n\t\t\t\t<\/div>\n\t\t\t\t<div class=\"elementor-element elementor-element-22d5c29 elementor-widget elementor-widget-text-editor\" data-id=\"22d5c29\" data-element_type=\"widget\" data-e-type=\"widget\" data-widget_type=\"text-editor.default\">\n\t\t\t\t<div class=\"elementor-widget-container\">\n\t\t\t\t\t\t\t\t\t<p>W Polsce nie ma t\u0142umacza przysi\u0119g\u0142ego j\u0119zyka esto\u0144skiego. W przypadku t\u0142umacze\u0144 na potrzeby s\u0105d\u00f3w, prokuratur, administracji skarbowej i innych organ\u00f3w posiadaj\u0105cych tak\u0105 mo\u017cliwo\u015b\u0107, oferujemy t\u0142umaczenia j\u0119zyka esto\u0144skiego na podstawie postanowienia o powo\u0142aniu t\u0142umacza.<\/p>\t\t\t\t\t\t\t\t<\/div>\n\t\t\t\t<\/div>\n\t\t\t\t\t<\/div>\n\t\t<\/div>\n\t\t\t\t\t<\/div>\n\t\t<\/section>\n\t\t\t\t<section class=\"elementor-section elementor-top-section elementor-element elementor-element-696bf11 elementor-section-boxed elementor-section-height-default elementor-section-height-default\" data-id=\"696bf11\" data-element_type=\"section\" data-e-type=\"section\">\n\t\t\t\t\t\t<div class=\"elementor-container elementor-column-gap-default\">\n\t\t\t\t\t<div class=\"elementor-column elementor-col-100 elementor-top-column elementor-element elementor-element-30ae5bb\" data-id=\"30ae5bb\" data-element_type=\"column\" data-e-type=\"column\">\n\t\t\t<div class=\"elementor-widget-wrap elementor-element-populated\">\n\t\t\t\t\t\t<div class=\"elementor-element elementor-element-92dbdf9 elementor-widget-divider--view-line elementor-widget elementor-widget-divider\" data-id=\"92dbdf9\" data-element_type=\"widget\" data-e-type=\"widget\" data-widget_type=\"divider.default\">\n\t\t\t\t<div class=\"elementor-widget-container\">\n\t\t\t\t\t\t\t<div class=\"elementor-divider\">\n\t\t\t<span class=\"elementor-divider-separator\">\n\t\t\t\t\t\t<\/span>\n\t\t<\/div>\n\t\t\t\t\t\t<\/div>\n\t\t\t\t<\/div>\n\t\t\t\t\t<\/div>\n\t\t<\/div>\n\t\t\t\t\t<\/div>\n\t\t<\/section>\n\t\t\t\t<section class=\"elementor-section elementor-top-section elementor-element elementor-element-552d228 elementor-section-boxed elementor-section-height-default elementor-section-height-default\" data-id=\"552d228\" data-element_type=\"section\" data-e-type=\"section\">\n\t\t\t\t\t\t<div class=\"elementor-container elementor-column-gap-default\">\n\t\t\t\t\t<div class=\"elementor-column elementor-col-100 elementor-top-column elementor-element elementor-element-45c1719\" data-id=\"45c1719\" data-element_type=\"column\" data-e-type=\"column\">\n\t\t\t<div class=\"elementor-widget-wrap elementor-element-populated\">\n\t\t\t\t\t\t<div class=\"elementor-element elementor-element-18369de elementor-widget elementor-widget-heading\" data-id=\"18369de\" data-element_type=\"widget\" data-e-type=\"widget\" data-widget_type=\"heading.default\">\n\t\t\t\t<div class=\"elementor-widget-container\">\n\t\t\t\t\t<h2 class=\"elementor-heading-title elementor-size-default\">Kontakt i wycena<\/h2>\t\t\t\t<\/div>\n\t\t\t\t<\/div>\n\t\t\t\t\t<\/div>\n\t\t<\/div>\n\t\t\t\t\t<\/div>\n\t\t<\/section>\n\t\t\t\t<section class=\"elementor-section elementor-top-section elementor-element elementor-element-7febc2b elementor-section-boxed elementor-section-height-default elementor-section-height-default\" data-id=\"7febc2b\" data-element_type=\"section\" data-e-type=\"section\">\n\t\t\t\t\t\t<div class=\"elementor-container elementor-column-gap-default\">\n\t\t\t\t\t<div class=\"elementor-column elementor-col-50 elementor-top-column elementor-element elementor-element-ceadd6e\" data-id=\"ceadd6e\" data-element_type=\"column\" data-e-type=\"column\">\n\t\t\t<div class=\"elementor-widget-wrap elementor-element-populated\">\n\t\t\t\t\t\t<div class=\"elementor-element elementor-element-d8aeb74 elementor-widget elementor-widget-text-editor\" data-id=\"d8aeb74\" data-element_type=\"widget\" data-e-type=\"widget\" data-widget_type=\"text-editor.default\">\n\t\t\t\t<div class=\"elementor-widget-container\">\n\t\t\t\t\t\t\t\t\t<div id=\"ultimate-heading-582162bac1554416b\" class=\"uvc-heading ult-adjust-bottom-margin ultimate-heading-582162bac1554416b uvc-5439 \" data-hspacer=\"no_spacer\" data-halign=\"left\">\n<div class=\"uvc-main-heading ult-responsive\" data-ultimate-target=\".uvc-heading.ultimate-heading-582162bac1554416b h2\" data-responsive-json-new=\"{\">\n<h2>Wycena t\u0142umaczenia<\/h2>\n<\/div>\n<div class=\"uvc-sub-heading ult-responsive\" data-ultimate-target=\".uvc-heading.ultimate-heading-582162bac1554416b .uvc-sub-heading \" data-responsive-json-new=\"{\">Zapraszamy do kontaktu w celu przygotowania wyceny. Wszystkie wyceny s\u0105 niezobowi\u0105zuj\u0105ce i s\u0105 przygotowywane bezp\u0142atnie.<\/div>\n<\/div>\n<div class=\"vc_row wpb_row vc_inner vc_row-fluid\">\n<div class=\"wpb_column vc_column_container vc_col-sm-6\">\n<div class=\"vc_column-inner\">\n<div class=\"wpb_wrapper\">\n<div id=\"ultimate-heading-99662bac155445d8\" class=\"uvc-heading ult-adjust-bottom-margin ultimate-heading-99662bac155445d8 uvc-408 \" data-hspacer=\"no_spacer\" data-halign=\"left\">\n<div class=\"uvc-heading-spacer no_spacer\">\u00a0<\/div>\n<div class=\"uvc-main-heading ult-responsive\" data-ultimate-target=\".uvc-heading.ultimate-heading-99662bac155445d8 h2\" data-responsive-json-new=\"{\">\n<p><strong>Telefon: <\/strong>+48 793000969<\/p>\n<\/div>\n<\/div>\n<\/div>\n<\/div>\n<\/div>\n<div class=\"wpb_column vc_column_container vc_col-sm-6\">\n<div class=\"vc_column-inner\">\n<div class=\"wpb_wrapper\">\n<div id=\"ultimate-heading-831662bac155447f7\" class=\"uvc-heading ult-adjust-bottom-margin ultimate-heading-831662bac155447f7 uvc-5096 \" data-hspacer=\"no_spacer\" data-halign=\"left\">\n<div class=\"uvc-heading-spacer no_spacer\"><strong>E-mail: <\/strong><a href=\"mailto:tlumaczenia@balticmedia.pl\">tlumaczenia@balticmedia.pl<\/a><\/div>\n<\/div>\n<\/div>\n<\/div>\n<\/div>\n<\/div>\n<div class=\"vc_row wpb_row vc_inner vc_row-fluid\">\n<div class=\"wpb_column vc_column_container vc_col-sm-12\">\n<div class=\"vc_column-inner\">\n<div class=\"wpb_wrapper\">\n<div id=\"ultimate-heading-163862bac15544bee\" class=\"uvc-heading ult-adjust-bottom-margin ultimate-heading-163862bac15544bee uvc-3087 \" data-hspacer=\"no_spacer\" data-halign=\"left\">\n<div class=\"uvc-heading-spacer no_spacer\">\u00a0<\/div>\n<div class=\"uvc-main-heading ult-responsive\" data-ultimate-target=\".uvc-heading.ultimate-heading-163862bac15544bee h2\" data-responsive-json-new=\"{\">\n<p><strong>Adres i dane rejestracyjne:<\/strong><\/p>\n<\/div>\n<div class=\"uvc-sub-heading ult-responsive\" data-ultimate-target=\".uvc-heading.ultimate-heading-163862bac15544bee .uvc-sub-heading \" data-responsive-json-new=\"{\">BALTIC MEDIA Kazimierz Pop\u0142awski<br \/>ul. Kamionkowska 1\/6<br \/>03-805 Warszawa\n<p>NIP: 9661747284<\/p>\n<\/div>\n<\/div>\n<\/div>\n<\/div>\n<\/div>\n<\/div>\t\t\t\t\t\t\t\t<\/div>\n\t\t\t\t<\/div>\n\t\t\t\t\t<\/div>\n\t\t<\/div>\n\t\t\t\t<div class=\"elementor-column elementor-col-50 elementor-top-column elementor-element elementor-element-df3a50d\" data-id=\"df3a50d\" data-element_type=\"column\" data-e-type=\"column\">\n\t\t\t<div class=\"elementor-widget-wrap elementor-element-populated\">\n\t\t\t\t\t\t<div class=\"elementor-element elementor-element-9ba6740 elementor-widget elementor-widget-text-editor\" data-id=\"9ba6740\" data-element_type=\"widget\" data-e-type=\"widget\" data-widget_type=\"text-editor.default\">\n\t\t\t\t<div class=\"elementor-widget-container\">\n\t\t\t\t\t\t\t\t\t\n<div class=\"wpcf7 no-js\" id=\"wpcf7-f31-o1\" lang=\"pl-PL\" dir=\"ltr\" data-wpcf7-id=\"31\">\n<div class=\"screen-reader-response\"><p role=\"status\" aria-live=\"polite\" aria-atomic=\"true\"><\/p> <ul><\/ul><\/div>\n<form action=\"\/tlumaczenia\/index.php\/wp-json\/wp\/v2\/pages\/2#wpcf7-f31-o1\" method=\"post\" class=\"wpcf7-form init\" aria-label=\"Formularz kontaktowy\" enctype=\"multipart\/form-data\" novalidate=\"novalidate\" data-status=\"init\">\n<fieldset class=\"hidden-fields-container\"><input type=\"hidden\" name=\"_wpcf7\" value=\"31\" \/><input type=\"hidden\" name=\"_wpcf7_version\" value=\"6.1.5\" \/><input type=\"hidden\" name=\"_wpcf7_locale\" value=\"pl_PL\" \/><input type=\"hidden\" name=\"_wpcf7_unit_tag\" value=\"wpcf7-f31-o1\" \/><input type=\"hidden\" name=\"_wpcf7_container_post\" value=\"0\" \/><input type=\"hidden\" name=\"_wpcf7_posted_data_hash\" value=\"\" \/>\n<\/fieldset>\n<p><span class=\"wpcf7-form-control-wrap\" data-name=\"your-name\"><input size=\"40\" maxlength=\"400\" class=\"wpcf7-form-control wpcf7-text wpcf7-validates-as-required\" aria-required=\"true\" aria-invalid=\"false\" placeholder=\"Imi\u0119 i nazwisko\" value=\"\" type=\"text\" name=\"your-name\" \/><\/span>\n<\/p>\n<p><span class=\"wpcf7-form-control-wrap\" data-name=\"nazwa-firmy\"><input size=\"40\" maxlength=\"400\" class=\"wpcf7-form-control wpcf7-text\" aria-invalid=\"false\" placeholder=\"Nazwa firmy\" value=\"\" type=\"text\" name=\"nazwa-firmy\" \/><\/span>\n<\/p>\n<p><span class=\"wpcf7-form-control-wrap\" data-name=\"your-email\"><input size=\"40\" maxlength=\"400\" class=\"wpcf7-form-control wpcf7-email wpcf7-validates-as-required wpcf7-text wpcf7-validates-as-email\" aria-required=\"true\" aria-invalid=\"false\" placeholder=\"Adres email (wymagane)\" value=\"\" type=\"email\" name=\"your-email\" \/><\/span>\n<\/p>\n<p><span class=\"wpcf7-form-control-wrap\" data-name=\"your-tel\"><input size=\"40\" maxlength=\"400\" class=\"wpcf7-form-control wpcf7-tel wpcf7-text wpcf7-validates-as-tel\" aria-invalid=\"false\" placeholder=\"Numer telefonu\" value=\"\" type=\"tel\" name=\"your-tel\" \/><\/span>\n<\/p>\n<p><span class=\"wpcf7-form-control-wrap\" data-name=\"your-message\"><textarea cols=\"40\" rows=\"6\" maxlength=\"2000\" class=\"wpcf7-form-control wpcf7-textarea\" aria-invalid=\"false\" placeholder=\"Tre\u015b\u0107 wiadomo\u015bci\" name=\"your-message\"><\/textarea><\/span>\n<\/p>\n<p>Oczekiwany termin realizacji t\u0142umaczenia<br \/>\n<span class=\"wpcf7-form-control-wrap\" data-name=\"oczekiwany-termin\"><input class=\"wpcf7-form-control wpcf7-date wpcf7-validates-as-date\" aria-invalid=\"false\" value=\"\" type=\"date\" name=\"oczekiwany-termin\" \/><\/span>\n<\/p>\n<p>Podaj adres URL dokument\u00f3w lub za\u0142\u0105cz je poni\u017cej<br \/>\n<span class=\"wpcf7-form-control-wrap\" data-name=\"url-Z\"><input size=\"40\" maxlength=\"400\" class=\"wpcf7-form-control wpcf7-url wpcf7-text wpcf7-validates-as-url\" aria-invalid=\"false\" placeholder=\"Adres URL dokument\u00f3w\" value=\"\" type=\"url\" name=\"url-Z\" \/><\/span>\n<\/p>\n<p><span class=\"wpcf7-form-control-wrap\" data-name=\"Plik1\"><input size=\"40\" class=\"wpcf7-form-control wpcf7-file\" accept=\".pdf,.doc,.docx,.zip,.rar,.xls,.xlsx,.png,.jpg,.jpeg\" aria-invalid=\"false\" type=\"file\" name=\"Plik1\" \/><\/span><br \/>\n<span class=\"wpcf7-form-control-wrap\" data-name=\"Plik2\"><input size=\"40\" class=\"wpcf7-form-control wpcf7-file\" accept=\".pdf,.doc,.docx,.zip,.rar,.xls,.xlsx,.png,.jpg,.jpeg\" aria-invalid=\"false\" type=\"file\" name=\"Plik2\" \/><\/span><br \/>\n<span class=\"wpcf7-form-control-wrap\" data-name=\"Plik3\"><input size=\"40\" class=\"wpcf7-form-control wpcf7-file\" accept=\".pdf,.doc,.docx,.zip,.rar,.xls,.xlsx,.png,.jpg,.jpeg\" aria-invalid=\"false\" type=\"file\" name=\"Plik3\" \/><\/span>\n<\/p>\n<p><input class=\"wpcf7-form-control wpcf7-submit has-spinner\" type=\"submit\" value=\"Wy\u015blij\" \/>\n<\/p><div class=\"wpcf7-response-output\" aria-hidden=\"true\"><\/div>\n<\/form>\n<\/div>\n\t\t\t\t\t\t\t\t<\/div>\n\t\t\t\t<\/div>\n\t\t\t\t\t<\/div>\n\t\t<\/div>\n\t\t\t\t\t<\/div>\n\t\t<\/section>\n\t\t\t\t<\/div>\n\t\t","protected":false},"excerpt":{"rendered":"<p>ESTO\u0143SKI, LITEWSKI, \u0141OTEWSKI Baltic Media T\u0142umaczenia Specjalizujemy si\u0119 w t\u0142umaczeniach pisemnych z j\u0119zyk\u00f3w esto\u0144skiego, litewskiego i \u0142otewskiego oraz na j\u0119zyki esto\u0144ski, litewski i \u0142otewski. Oferujemy t\u0142umaczenia prawnicze, techniczne, marketingowe i inne. Kontakt:\u00a0tlumaczenia@balticmedia.plTelefon: +48 793000969 Oferta t\u0142umacze\u0144 Oferujemy us\u0142ugi t\u0142umacze\u0144 pisemnych j\u0119zyka esto\u0144skiego oraz j\u0119zyk\u00f3w litewskiego i \u0142otewskiego w parach z j\u0119zykiem polskim i j\u0119zykiem angielskim. [&hellip;]<\/p>\n","protected":false},"author":1,"featured_media":0,"parent":0,"menu_order":0,"comment_status":"closed","ping_status":"open","template":"","meta":{"footnotes":""},"class_list":["post-2","page","type-page","status-publish","hentry"],"_links":{"self":[{"href":"https:\/\/balticmedia.pl\/tlumaczenia\/index.php\/wp-json\/wp\/v2\/pages\/2","targetHints":{"allow":["GET"]}}],"collection":[{"href":"https:\/\/balticmedia.pl\/tlumaczenia\/index.php\/wp-json\/wp\/v2\/pages"}],"about":[{"href":"https:\/\/balticmedia.pl\/tlumaczenia\/index.php\/wp-json\/wp\/v2\/types\/page"}],"author":[{"embeddable":true,"href":"https:\/\/balticmedia.pl\/tlumaczenia\/index.php\/wp-json\/wp\/v2\/users\/1"}],"replies":[{"embeddable":true,"href":"https:\/\/balticmedia.pl\/tlumaczenia\/index.php\/wp-json\/wp\/v2\/comments?post=2"}],"version-history":[{"count":23,"href":"https:\/\/balticmedia.pl\/tlumaczenia\/index.php\/wp-json\/wp\/v2\/pages\/2\/revisions"}],"predecessor-version":[{"id":37,"href":"https:\/\/balticmedia.pl\/tlumaczenia\/index.php\/wp-json\/wp\/v2\/pages\/2\/revisions\/37"}],"wp:attachment":[{"href":"https:\/\/balticmedia.pl\/tlumaczenia\/index.php\/wp-json\/wp\/v2\/media?parent=2"}],"curies":[{"name":"wp","href":"https:\/\/api.w.org\/{rel}","templated":true}]}}